{"id":76,"date":"2015-07-26T17:10:28","date_gmt":"2015-07-26T16:10:28","guid":{"rendered":"http:\/\/www.christinealloing.fr\/bijoux\/?page_id=76"},"modified":"2017-11-01T16:19:32","modified_gmt":"2017-11-01T15:19:32","slug":"mon-atelier","status":"publish","type":"page","link":"https:\/\/www.christinealloing.fr\/index.php\/mon-atelier\/","title":{"rendered":"Mon atelier"},"content":{"rendered":"<div id=\"metaslider-id-678\" style=\"max-width: 800px; margin: 0 auto;\" class=\"ml-slider-3-23-0 metaslider metaslider-flex metaslider-678 ml-slider nav-hidden\">\n    <div id=\"metaslider_container_678\">\n        <div id=\"metaslider_678\">\n            <ul aria-live=\"polite\" class=\"slides\">\n                <li style=\"display: block; width: 100%;\" class=\"slide-664 ms-image\"><img src=\"https:\/\/www.christinealloing.fr\/wp-content\/uploads\/2015\/07\/atelier-24-800x600.jpg\" height=\"600\" width=\"800\" alt=\"\" class=\"slider-678 slide-664\" \/><\/li>\n                <li style=\"display: none; width: 100%;\" class=\"slide-665 ms-image\"><img src=\"https:\/\/www.christinealloing.fr\/wp-content\/uploads\/2015\/07\/atelier-25-800x600.jpg\" height=\"600\" width=\"800\" alt=\"\" class=\"slider-678 slide-665\" \/><div class=\"caption-wrap\"><div class=\"caption\">la cr\u00e9atrice \u00e0 la table de travail<\/div><\/div><\/li>\n                <li style=\"display: none; width: 100%;\" class=\"slide-669 ms-image\"><img src=\"https:\/\/www.christinealloing.fr\/wp-content\/uploads\/2015\/07\/pinceau-pinces-1-800x600.jpg\" height=\"600\" width=\"800\" alt=\"\" class=\"slider-678 slide-669\" \/><\/li>\n                <li style=\"display: none; width: 100%;\" class=\"slide-671 ms-image\"><img src=\"https:\/\/www.christinealloing.fr\/wp-content\/uploads\/2015\/07\/emaux-poudre-800x600.jpg\" height=\"600\" width=\"800\" alt=\"\" class=\"slider-678 slide-671\" \/><div class=\"caption-wrap\"><div class=\"caption\">Emaux en poudre , avant ajout de la solution liquide<\/div><\/div><\/li>\n                <li style=\"display: none; width: 100%;\" class=\"slide-705 ms-image\"><img src=\"https:\/\/www.christinealloing.fr\/wp-content\/uploads\/2016\/05\/emaux-liquide-2-ledge-768x576.jpg\" height=\"600\" width=\"800\" alt=\"\" class=\"slider-678 slide-705\" \/><div class=\"caption-wrap\"><div class=\"caption\">Pots d'\u00e9maux<\/div><\/div><\/li>\n                <li style=\"display: none; width: 100%;\" class=\"slide-673 ms-image\"><img src=\"https:\/\/www.christinealloing.fr\/wp-content\/uploads\/2015\/07\/nuancier-demaux-18-800x600.jpg\" height=\"600\" width=\"800\" alt=\"\" class=\"slider-678 slide-673\" \/><div class=\"caption-wrap\"><div class=\"caption\">Nuanciers d'\u00e9maux<\/div><\/div><\/li>\n                <li style=\"display: none; width: 100%;\" class=\"slide-666 ms-image\"><img src=\"https:\/\/www.christinealloing.fr\/wp-content\/uploads\/2015\/07\/avant-cuisson-2-800x600.jpg\" height=\"600\" width=\"800\" alt=\"\" class=\"slider-678 slide-666\" \/><div class=\"caption-wrap\"><div class=\"caption\">Four avant cuisson<\/div><\/div><\/li>\n                <li style=\"display: none; width: 100%;\" class=\"slide-670 ms-image\"><img src=\"https:\/\/www.christinealloing.fr\/wp-content\/uploads\/2015\/07\/apres-cuisson-ouverture-du-four-800x600.jpg\" height=\"600\" width=\"800\" alt=\"\" class=\"slider-678 slide-670\" \/><div class=\"caption-wrap\"><div class=\"caption\">Four apr\u00e8s cuisson<\/div><\/div><\/li>\n                <li style=\"display: none; width: 100%;\" class=\"slide-1638 ms-image\"><img src=\"https:\/\/www.christinealloing.fr\/wp-content\/uploads\/2017\/11\/P1010996-800x600.jpg\" height=\"600\" width=\"800\" alt=\"\" class=\"slider-678 slide-1638\" \/><div class=\"caption-wrap\"><div class=\"caption\">Perles avant \u00e9maillage<\/div><\/div><\/li>\n                <li style=\"display: none; width: 100%;\" class=\"slide-1639 ms-image\"><img src=\"https:\/\/www.christinealloing.fr\/wp-content\/uploads\/2017\/11\/P1020009-800x600.jpg\" height=\"600\" width=\"800\" alt=\"\" class=\"slider-678 slide-1639\" \/><div class=\"caption-wrap\"><div class=\"caption\">Perles \u00e9maill\u00e9es pr\u00eates \u00e0 \u00eatre coll\u00e9e avec tige et anneau<\/div><\/div><\/li>\n                <li style=\"display: none; width: 100%;\" class=\"slide-1640 ms-image\"><img src=\"https:\/\/www.christinealloing.fr\/wp-content\/uploads\/2017\/11\/P1020011-800x600.jpg\" height=\"600\" width=\"800\" alt=\"\" class=\"slider-678 slide-1640\" \/><div class=\"caption-wrap\"><div class=\"caption\">S\u00e9chage de la colle<\/div><\/div><\/li>\n                <li style=\"display: none; width: 100%;\" class=\"slide-1637 ms-image\"><img src=\"https:\/\/www.christinealloing.fr\/wp-content\/uploads\/2017\/11\/P1010994-800x600.jpg\" height=\"600\" width=\"800\" alt=\"\" class=\"slider-678 slide-1637\" \/><div class=\"caption-wrap\"><div class=\"caption\">Perles pr\u00eates pr montage<\/div><\/div><\/li>\n                <li style=\"display: none; width: 100%;\" class=\"slide-662 ms-image\"><img src=\"https:\/\/www.christinealloing.fr\/wp-content\/uploads\/2015\/07\/apprets-2-800x600.jpg\" height=\"600\" width=\"800\" alt=\"\" class=\"slider-678 slide-662\" \/><\/li>\n                <li style=\"display: none; width: 100%;\" class=\"slide-704 ms-image\"><img src=\"https:\/\/www.christinealloing.fr\/wp-content\/uploads\/2016\/05\/bobine-cuir-3-ledge-768x576.jpg\" height=\"600\" width=\"800\" alt=\"\" class=\"slider-678 slide-704\" \/><\/li>\n            <\/ul>\n        <\/div>\n        \n    <\/div>\n<\/div>\n<p>&nbsp;<\/p>\n<h3><strong>Made in Lyon<\/strong><\/h3>\n<p>Mon atelier est situ\u00e9 \u00e0 Dommartin, au nord-Ouest de Lyon, dans la maison familiale. Je travaille chaque jour, avec vue sur le jardin.<\/p>\n<h3><strong>La technique<\/strong><\/h3>\n<p>J&rsquo;utilise de la fa\u00efence lisse, blanche, ocre ou noire. La terre est travaill\u00e9e, model\u00e9e, et d\u00e9coup\u00e9e enti\u00e8rement manuellement.<br \/>\nLes pi\u00e8ces s\u00e8chent sous presse pendant 24 \u00e0 48h, puis sont ponc\u00e9es \u00e0 la main, avant la 1\u00e8re cuisson dite de \u00ab\u00a0biscuit\u00a0\u00bb \u00e0 1000\u00b0c.<br \/>\nL&rsquo;\u00e9maillage se fait ensuite int\u00e9gralement au pinceau, puis les pi\u00e8ces repassent au four pour la cuisson d&rsquo;\u00e9mail \u00e0 980\u00b0c.<\/p>\n<p><!-- index.php -->\n<div\n\tclass=\"ngg-galleryoverview ngg-ajax-pagination-none\"\n\tid=\"ngg-gallery-1052-1\">\n\n    \t\t<!-- Thumbnails -->\n\t\t\t\t<div id=\"ngg-image-0\" class=\"ngg-gallery-thumbnail-box\" >\n\t\t\t\t        <div class=\"ngg-gallery-thumbnail\">\n            <a href=\"https:\/\/www.christinealloing.fr\/wp-content\/gallery\/Atelier\/avant-cuisson-2.JPG\"\n               title=\"\"\n               data-src=\"https:\/\/www.christinealloing.fr\/wp-content\/gallery\/Atelier\/avant-cuisson-2.JPG\"\n               data-thumbnail=\"https:\/\/www.christinealloing.fr\/wp-content\/gallery\/Atelier\/thumbs\/thumbs_avant-cuisson-2.JPG\"\n               data-image-id=\"41\"\n               data-title=\"avant cuisson (2)\"\n               data-description=\"\"\n               data-image-slug=\"avant-cuisson-2\"\n               class=\"ngg-fancybox\" rel=\"1052\">\n                <img\n                    title=\"avant cuisson (2)\"\n                    alt=\"avant cuisson (2)\"\n                    src=\"https:\/\/www.christinealloing.fr\/wp-content\/gallery\/Atelier\/thumbs\/thumbs_avant-cuisson-2.JPG\"\n                    width=\"240\"\n                    height=\"160\"\n                    style=\"max-width:100%;\"\n                \/>\n            <\/a>\n        <\/div>\n\t\t\t\t\t\t\t<\/div> \n\t\t\t\n                            \n\t\t\t\t<div id=\"ngg-image-1\" class=\"ngg-gallery-thumbnail-box\" >\n\t\t\t\t        <div class=\"ngg-gallery-thumbnail\">\n            <a href=\"https:\/\/www.christinealloing.fr\/wp-content\/gallery\/Atelier\/apres-cuisson-ouverture-du-four.JPG\"\n               title=\"\"\n               data-src=\"https:\/\/www.christinealloing.fr\/wp-content\/gallery\/Atelier\/apres-cuisson-ouverture-du-four.JPG\"\n               data-thumbnail=\"https:\/\/www.christinealloing.fr\/wp-content\/gallery\/Atelier\/thumbs\/thumbs_apres-cuisson-ouverture-du-four.JPG\"\n               data-image-id=\"38\"\n               data-title=\"apres cuisson-ouverture du four\"\n               data-description=\"\"\n               data-image-slug=\"apres-cuisson-ouverture-du-four\"\n               class=\"ngg-fancybox\" rel=\"1052\">\n                <img\n                    title=\"apres cuisson-ouverture du four\"\n                    alt=\"apres cuisson-ouverture du four\"\n                    src=\"https:\/\/www.christinealloing.fr\/wp-content\/gallery\/Atelier\/thumbs\/thumbs_apres-cuisson-ouverture-du-four.JPG\"\n                    width=\"240\"\n                    height=\"160\"\n                    style=\"max-width:100%;\"\n                \/>\n            <\/a>\n        <\/div>\n\t\t\t\t\t\t\t<\/div> \n\t\t\t\n                            \n\t\t\t\t<div id=\"ngg-image-2\" class=\"ngg-gallery-thumbnail-box\" >\n\t\t\t\t        <div class=\"ngg-gallery-thumbnail\">\n            <a href=\"https:\/\/www.christinealloing.fr\/wp-content\/gallery\/Atelier\/atelier-24.JPG\"\n               title=\"\"\n               data-src=\"https:\/\/www.christinealloing.fr\/wp-content\/gallery\/Atelier\/atelier-24.JPG\"\n               data-thumbnail=\"https:\/\/www.christinealloing.fr\/wp-content\/gallery\/Atelier\/thumbs\/thumbs_atelier-24.JPG\"\n               data-image-id=\"39\"\n               data-title=\"atelier (24)\"\n               data-description=\"\"\n               data-image-slug=\"atelier-24\"\n               class=\"ngg-fancybox\" rel=\"1052\">\n                <img\n                    title=\"atelier (24)\"\n                    alt=\"atelier (24)\"\n                    src=\"https:\/\/www.christinealloing.fr\/wp-content\/gallery\/Atelier\/thumbs\/thumbs_atelier-24.JPG\"\n                    width=\"240\"\n                    height=\"160\"\n                    style=\"max-width:100%;\"\n                \/>\n            <\/a>\n        <\/div>\n\t\t\t\t\t\t\t<\/div> \n\t\t\t\n                                    <br style=\"clear: both\" \/>\n                    \n\t\t\t\t<div id=\"ngg-image-3\" class=\"ngg-gallery-thumbnail-box\" >\n\t\t\t\t        <div class=\"ngg-gallery-thumbnail\">\n            <a href=\"https:\/\/www.christinealloing.fr\/wp-content\/gallery\/Atelier\/nuancier-demaux-18.JPG\"\n               title=\"\"\n               data-src=\"https:\/\/www.christinealloing.fr\/wp-content\/gallery\/Atelier\/nuancier-demaux-18.JPG\"\n               data-thumbnail=\"https:\/\/www.christinealloing.fr\/wp-content\/gallery\/Atelier\/thumbs\/thumbs_nuancier-demaux-18.JPG\"\n               data-image-id=\"45\"\n               data-title=\"nuancier demaux (18)\"\n               data-description=\"\"\n               data-image-slug=\"nuancier-demaux-18\"\n               class=\"ngg-fancybox\" rel=\"1052\">\n                <img\n                    title=\"nuancier demaux (18)\"\n                    alt=\"nuancier demaux (18)\"\n                    src=\"https:\/\/www.christinealloing.fr\/wp-content\/gallery\/Atelier\/thumbs\/thumbs_nuancier-demaux-18.JPG\"\n                    width=\"240\"\n                    height=\"160\"\n                    style=\"max-width:100%;\"\n                \/>\n            <\/a>\n        <\/div>\n\t\t\t\t\t\t\t<\/div> \n\t\t\t\n                            \n\t\t\t\t<div id=\"ngg-image-4\" class=\"ngg-gallery-thumbnail-box\" >\n\t\t\t\t        <div class=\"ngg-gallery-thumbnail\">\n            <a href=\"https:\/\/www.christinealloing.fr\/wp-content\/gallery\/Atelier\/pinceau-pinces-1.JPG\"\n               title=\"\"\n               data-src=\"https:\/\/www.christinealloing.fr\/wp-content\/gallery\/Atelier\/pinceau-pinces-1.JPG\"\n               data-thumbnail=\"https:\/\/www.christinealloing.fr\/wp-content\/gallery\/Atelier\/thumbs\/thumbs_pinceau-pinces-1.JPG\"\n               data-image-id=\"46\"\n               data-title=\"pinceau-pinces (1)\"\n               data-description=\"\"\n               data-image-slug=\"pinceau-pinces-1\"\n               class=\"ngg-fancybox\" rel=\"1052\">\n                <img\n                    title=\"pinceau-pinces (1)\"\n                    alt=\"pinceau-pinces (1)\"\n                    src=\"https:\/\/www.christinealloing.fr\/wp-content\/gallery\/Atelier\/thumbs\/thumbs_pinceau-pinces-1.JPG\"\n                    width=\"240\"\n                    height=\"160\"\n                    style=\"max-width:100%;\"\n                \/>\n            <\/a>\n        <\/div>\n\t\t\t\t\t\t\t<\/div> \n\t\t\t\n                            \n\t\t\t\t<div id=\"ngg-image-5\" class=\"ngg-gallery-thumbnail-box\" >\n\t\t\t\t        <div class=\"ngg-gallery-thumbnail\">\n            <a href=\"https:\/\/www.christinealloing.fr\/wp-content\/gallery\/Atelier\/atelier-25.JPG\"\n               title=\"\"\n               data-src=\"https:\/\/www.christinealloing.fr\/wp-content\/gallery\/Atelier\/atelier-25.JPG\"\n               data-thumbnail=\"https:\/\/www.christinealloing.fr\/wp-content\/gallery\/Atelier\/thumbs\/thumbs_atelier-25.JPG\"\n               data-image-id=\"40\"\n               data-title=\"atelier (25)\"\n               data-description=\"\"\n               data-image-slug=\"atelier-25\"\n               class=\"ngg-fancybox\" rel=\"1052\">\n                <img\n                    title=\"atelier (25)\"\n                    alt=\"atelier (25)\"\n                    src=\"https:\/\/www.christinealloing.fr\/wp-content\/gallery\/Atelier\/thumbs\/thumbs_atelier-25.JPG\"\n                    width=\"240\"\n                    height=\"160\"\n                    style=\"max-width:100%;\"\n                \/>\n            <\/a>\n        <\/div>\n\t\t\t\t\t\t\t<\/div> \n\t\t\t\n                                    <br style=\"clear: both\" \/>\n                    \n\t\t\t\t<div id=\"ngg-image-6\" class=\"ngg-gallery-thumbnail-box\" >\n\t\t\t\t        <div class=\"ngg-gallery-thumbnail\">\n            <a href=\"https:\/\/www.christinealloing.fr\/wp-content\/gallery\/Atelier\/emaux-liquide-2-ledge.jpg\"\n               title=\"\"\n               data-src=\"https:\/\/www.christinealloing.fr\/wp-content\/gallery\/Atelier\/emaux-liquide-2-ledge.jpg\"\n               data-thumbnail=\"https:\/\/www.christinealloing.fr\/wp-content\/gallery\/Atelier\/thumbs\/thumbs_emaux-liquide-2-ledge.jpg\"\n               data-image-id=\"43\"\n               data-title=\"emaux liquide (2) ledge\"\n               data-description=\"\"\n               data-image-slug=\"emaux-liquide-2-ledge\"\n               class=\"ngg-fancybox\" rel=\"1052\">\n                <img\n                    title=\"emaux liquide (2) ledge\"\n                    alt=\"emaux liquide (2) ledge\"\n                    src=\"https:\/\/www.christinealloing.fr\/wp-content\/gallery\/Atelier\/thumbs\/thumbs_emaux-liquide-2-ledge.jpg\"\n                    width=\"240\"\n                    height=\"160\"\n                    style=\"max-width:100%;\"\n                \/>\n            <\/a>\n        <\/div>\n\t\t\t\t\t\t\t<\/div> \n\t\t\t\n                            \n\t\t\t\t<div id=\"ngg-image-7\" class=\"ngg-gallery-thumbnail-box\" >\n\t\t\t\t        <div class=\"ngg-gallery-thumbnail\">\n            <a href=\"https:\/\/www.christinealloing.fr\/wp-content\/gallery\/Atelier\/emaux-poudre.JPG\"\n               title=\"\"\n               data-src=\"https:\/\/www.christinealloing.fr\/wp-content\/gallery\/Atelier\/emaux-poudre.JPG\"\n               data-thumbnail=\"https:\/\/www.christinealloing.fr\/wp-content\/gallery\/Atelier\/thumbs\/thumbs_emaux-poudre.JPG\"\n               data-image-id=\"44\"\n               data-title=\"emaux poudre\"\n               data-description=\"\"\n               data-image-slug=\"emaux-poudre\"\n               class=\"ngg-fancybox\" rel=\"1052\">\n                <img\n                    title=\"emaux poudre\"\n                    alt=\"emaux poudre\"\n                    src=\"https:\/\/www.christinealloing.fr\/wp-content\/gallery\/Atelier\/thumbs\/thumbs_emaux-poudre.JPG\"\n                    width=\"240\"\n                    height=\"160\"\n                    style=\"max-width:100%;\"\n                \/>\n            <\/a>\n        <\/div>\n\t\t\t\t\t\t\t<\/div> \n\t\t\t\n                            \n\t\t\t\t<div id=\"ngg-image-8\" class=\"ngg-gallery-thumbnail-box\" >\n\t\t\t\t        <div class=\"ngg-gallery-thumbnail\">\n            <a href=\"https:\/\/www.christinealloing.fr\/wp-content\/gallery\/Atelier\/bobine-cuir-3-ledge.jpg\"\n               title=\"\"\n               data-src=\"https:\/\/www.christinealloing.fr\/wp-content\/gallery\/Atelier\/bobine-cuir-3-ledge.jpg\"\n               data-thumbnail=\"https:\/\/www.christinealloing.fr\/wp-content\/gallery\/Atelier\/thumbs\/thumbs_bobine-cuir-3-ledge.jpg\"\n               data-image-id=\"42\"\n               data-title=\"bobine cuir (3) ledge\"\n               data-description=\"\"\n               data-image-slug=\"bobine-cuir-3-ledge\"\n               class=\"ngg-fancybox\" rel=\"1052\">\n                <img\n                    title=\"bobine cuir (3) ledge\"\n                    alt=\"bobine cuir (3) ledge\"\n                    src=\"https:\/\/www.christinealloing.fr\/wp-content\/gallery\/Atelier\/thumbs\/thumbs_bobine-cuir-3-ledge.jpg\"\n                    width=\"240\"\n                    height=\"160\"\n                    style=\"max-width:100%;\"\n                \/>\n            <\/a>\n        <\/div>\n\t\t\t\t\t\t\t<\/div> \n\t\t\t\n                                    <br style=\"clear: both\" \/>\n                    \n\t\t\t\t<div id=\"ngg-image-9\" class=\"ngg-gallery-thumbnail-box\" >\n\t\t\t\t        <div class=\"ngg-gallery-thumbnail\">\n            <a href=\"https:\/\/www.christinealloing.fr\/wp-content\/gallery\/Atelier\/apprets-2.JPG\"\n               title=\"\"\n               data-src=\"https:\/\/www.christinealloing.fr\/wp-content\/gallery\/Atelier\/apprets-2.JPG\"\n               data-thumbnail=\"https:\/\/www.christinealloing.fr\/wp-content\/gallery\/Atelier\/thumbs\/thumbs_apprets-2.JPG\"\n               data-image-id=\"37\"\n               data-title=\"apprets (2)\"\n               data-description=\"\"\n               data-image-slug=\"apprets-2\"\n               class=\"ngg-fancybox\" rel=\"1052\">\n                <img\n                    title=\"apprets (2)\"\n                    alt=\"apprets (2)\"\n                    src=\"https:\/\/www.christinealloing.fr\/wp-content\/gallery\/Atelier\/thumbs\/thumbs_apprets-2.JPG\"\n                    width=\"240\"\n                    height=\"160\"\n                    style=\"max-width:100%;\"\n                \/>\n            <\/a>\n        <\/div>\n\t\t\t\t\t\t\t<\/div> \n\t\t\t\n                            \n\t\t\n\t\t<!-- Pagination -->\n\t<div class='ngg-clear'><\/div>\t<\/div>\n<\/p>\n","protected":false},"excerpt":{"rendered":"<p>&nbsp; Made in Lyon Mon atelier est situ\u00e9 \u00e0 Dommartin, au nord-Ouest de Lyon, dans la maison familiale. Je travaille chaque jour, avec vue sur le jardin. La technique J&rsquo;utilise de la fa\u00efence lisse, blanche, ocre ou noire. La terre est travaill\u00e9e, model\u00e9e, et d\u00e9coup\u00e9e enti\u00e8rement manuellement. Les pi\u00e8ces s\u00e8chent sous presse pendant 24 \u00e0 &#8230; <a title=\"Mon atelier\" class=\"read-more\" href=\"https:\/\/www.christinealloing.fr\/index.php\/mon-atelier\/\">Lire la suite<span class=\"screen-reader-text\">Mon atelier<\/span><\/a><\/p>\n","protected":false},"author":2,"featured_media":0,"parent":0,"menu_order":2,"comment_status":"closed","ping_status":"open","template":"","meta":{"ngg_post_thumbnail":0},"_links":{"self":[{"href":"https:\/\/www.christinealloing.fr\/index.php\/wp-json\/wp\/v2\/pages\/76"}],"collection":[{"href":"https:\/\/www.christinealloing.fr\/index.php\/wp-json\/wp\/v2\/pages"}],"about":[{"href":"https:\/\/www.christinealloing.fr\/index.php\/wp-json\/wp\/v2\/types\/page"}],"author":[{"embeddable":true,"href":"https:\/\/www.christinealloing.fr\/index.php\/wp-json\/wp\/v2\/users\/2"}],"replies":[{"embeddable":true,"href":"https:\/\/www.christinealloing.fr\/index.php\/wp-json\/wp\/v2\/comments?post=76"}],"version-history":[{"count":24,"href":"https:\/\/www.christinealloing.fr\/index.php\/wp-json\/wp\/v2\/pages\/76\/revisions"}],"predecessor-version":[{"id":1678,"href":"https:\/\/www.christinealloing.fr\/index.php\/wp-json\/wp\/v2\/pages\/76\/revisions\/1678"}],"wp:attachment":[{"href":"https:\/\/www.christinealloing.fr\/index.php\/wp-json\/wp\/v2\/media?parent=76"}],"curies":[{"name":"wp","href":"https:\/\/api.w.org\/{rel}","templated":true}]}}