{"id":4,"date":"2015-07-09T14:15:41","date_gmt":"2015-07-09T13:15:41","guid":{"rendered":"http:\/\/www.christinealloing.fr\/bijoux\/?page_id=4"},"modified":"2019-07-31T18:40:26","modified_gmt":"2019-07-31T17:40:26","slug":"accueil","status":"publish","type":"page","link":"https:\/\/www.christinealloing.fr\/","title":{"rendered":"Accueil"},"content":{"rendered":"<h1 style=\"text-align: center;\">&nbsp; Christine Alloing<\/h1>\n<h1 style=\"text-align: center;\">Cr\u00e9ations de Bijoux en C\u00e9ramique<\/h1>\n<hr>\n<h2 style=\"text-align: center;\">Tant\u00f4t d\u2019ici ou d\u2019ailleurs\u2026<\/h2>\n<h2 style=\"text-align: center;\">&nbsp;<\/h2>\n<h2 style=\"text-align: center;\">Elle peut \u00eatre sauvage, souvent d\u2019aventure, quelques fois d\u2019asile\u2026<\/h2>\n<h2 style=\"text-align: center;\">&nbsp;<\/h2>\n<h2 style=\"text-align: center;\">Mais, v\u00eatue des couleurs de l\u2019\u00e9mail, ma terre devient bijoux\u2026<\/h2>\n","protected":false},"excerpt":{"rendered":"<p>&nbsp; Christine Alloing Cr\u00e9ations de Bijoux en C\u00e9ramique Tant\u00f4t d\u2019ici ou d\u2019ailleurs\u2026 &nbsp; Elle peut \u00eatre sauvage, souvent d\u2019aventure, quelques fois d\u2019asile\u2026 &nbsp; Mais, v\u00eatue des couleurs de l\u2019\u00e9mail, ma terre devient bijoux\u2026<\/p>\n","protected":false},"author":2,"featured_media":0,"parent":0,"menu_order":0,"comment_status":"closed","ping_status":"open","template":"","meta":{"ngg_post_thumbnail":0},"_links":{"self":[{"href":"https:\/\/www.christinealloing.fr\/index.php\/wp-json\/wp\/v2\/pages\/4"}],"collection":[{"href":"https:\/\/www.christinealloing.fr\/index.php\/wp-json\/wp\/v2\/pages"}],"about":[{"href":"https:\/\/www.christinealloing.fr\/index.php\/wp-json\/wp\/v2\/types\/page"}],"author":[{"embeddable":true,"href":"https:\/\/www.christinealloing.fr\/index.php\/wp-json\/wp\/v2\/users\/2"}],"replies":[{"embeddable":true,"href":"https:\/\/www.christinealloing.fr\/index.php\/wp-json\/wp\/v2\/comments?post=4"}],"version-history":[{"count":48,"href":"https:\/\/www.christinealloing.fr\/index.php\/wp-json\/wp\/v2\/pages\/4\/revisions"}],"predecessor-version":[{"id":1918,"href":"https:\/\/www.christinealloing.fr\/index.php\/wp-json\/wp\/v2\/pages\/4\/revisions\/1918"}],"wp:attachment":[{"href":"https:\/\/www.christinealloing.fr\/index.php\/wp-json\/wp\/v2\/media?parent=4"}],"curies":[{"name":"wp","href":"https:\/\/api.w.org\/{rel}","templated":true}]}}