{"id":13,"date":"2015-07-09T14:19:26","date_gmt":"2015-07-09T13:19:26","guid":{"rendered":"http:\/\/www.christinealloing.fr\/bijoux\/?page_id=13"},"modified":"2023-11-23T16:45:12","modified_gmt":"2023-11-23T15:45:12","slug":"point-de-ventes","status":"publish","type":"page","link":"https:\/\/www.christinealloing.fr\/index.php\/point-de-ventes\/","title":{"rendered":"Point de ventes"},"content":{"rendered":"\n<p><\/p>\n\n\n<h2><span style=\"color: #0000ff;\"><strong><a style=\"color: #0000ff;\" href=\"https:\/\/www.google.com\/maps\/d\/embed?mid=1yQodgWLZzj2kPB3BHZ7DiTwwO7K8DFNE\">La carte des points de vente<\/a><\/strong><\/span><\/h2>\n<p>Cliquez sur la carte<\/p>\n<p><a href=\"https:\/\/www.google.com\/maps\/d\/embed?mid=1yQodgWLZzj2kPB3BHZ7DiTwwO7K8DFNE\"><img decoding=\"async\" loading=\"lazy\" class=\"alignnone  wp-image-2214\" src=\"http:\/\/www.christinealloing.fr\/wp-content\/uploads\/2022\/10\/Capture-decran-2022-10-18-115148-1024x638.png\" alt=\"\" width=\"876\" height=\"546\" srcset=\"https:\/\/www.christinealloing.fr\/wp-content\/uploads\/2022\/10\/Capture-decran-2022-10-18-115148-1024x638.png 1024w, https:\/\/www.christinealloing.fr\/wp-content\/uploads\/2022\/10\/Capture-decran-2022-10-18-115148-300x187.png 300w, https:\/\/www.christinealloing.fr\/wp-content\/uploads\/2022\/10\/Capture-decran-2022-10-18-115148-768x479.png 768w, https:\/\/www.christinealloing.fr\/wp-content\/uploads\/2022\/10\/Capture-decran-2022-10-18-115148.png 1176w\" sizes=\"(max-width: 876px) 100vw, 876px\" \/><\/a><\/p>\n<h3 style=\"text-align: left;\"><span style=\"color: #993366;\"><em><b>FRANCE m\u00e9tropolitaine<\/b><\/em><\/span><\/h3>\n<h3 align=\"LEFT\">1001 FEMMES &#8211; 10 rue Grande &#8211; 77300 FONTAINEBLEAU \/ <a href=\"http:\/\/1001femme.fr\">Site<\/a> \/ <a href=\"http:\/\/www.facebook.com\/1001femme\/\">Facebook<\/a><\/h3>\n<p>13EME JOUR &#8211; 1 Place des Fines Herbes &#8211; 67210 OBERNAI \/ <a href=\"https:\/\/shop.13jour.com\/\">https:\/\/shop.13jour.com\/<\/a>\/ <a href=\"https:\/\/www.facebook.com\/13emejour\/\">facebook<\/a>\/<a href=\"https:\/\/www.instagram.com\/13emejour\/\">Instagram<\/a><\/p>\n<h3 align=\"LEFT\">A L&rsquo;OMBRE DU TILLEUL &#8211; 10 Place du Prieur\u00e9 &#8211; 43200 YSSINGEAUX \/ <a href=\"http:\/\/www.instagram.com\/ombredutilleul43\">Instagram<\/a><\/h3>\n<p>AU BONHEUR DES DAMES &#8211; 8 rue Diane de Poitiers &#8211; 07000 PRIVAS<\/p>\n<h3 align=\"LEFT\">ARGILE CREATION &#8211; 5 rue des Chaussetiers &#8211; 63000 CLERMONT-ERRAND<\/h3>\n<h3 align=\"LEFT\">le BALLOTIN DES CREATEURS &#8211; 47 Avenue Aristide Briand &#8211; 92160 ANTONY \/ <a href=\"http:\/\/facebook.com\/LeBallotinDesCreateurs\/\">Facebook<\/a><\/h3>\n<h3 align=\"LEFT\">BIBRACTE &#8211; Centre Arch\u00e9ologique Europ\u00e9en &#8211; Boutique Mus\u00e9e &#8211; Mont Beuvray &#8211; 71990 SAINT LEGER SOUS BEUVRAY \/&nbsp;<a href=\"http:\/\/www.bibracte.fr\/\">http:\/\/www.bibracte.fr\/<\/a> \/ <a href=\"https:\/\/www.facebook.com\/BibracteMusee\">facebook<\/a><\/h3>\n<p>BLANC NOIR &#8211; 11 Chauss\u00e9e du Bois &#8211; 80100 ABBEVILLE \/ <a href=\"https:\/\/fr-fr.facebook.com\/pages\/category\/Local-Business\/Colombine-Gray-1673710282856690\/\">Facebook<\/a><\/p>\n<p>CHIMERE &#8211; 4 Av. Pasteur &#8211; 74000 ANNEMASSE<\/p>\n<p>COCCINELLE &#8211; 34 Place de la R\u00e9publique &#8211; 51120 SEZANNE<\/p>\n<p>COLOMBINE &#8211; 10 rue de Vanoise &#8211; 70100 GRAY \/ <a href=\"https:\/\/fr-fr.facebook.com\/pages\/category\/Local-Business\/Colombine-Gray-1673710282856690\/\">Facebook&nbsp;<\/a><\/p>\n<h3 align=\"LEFT\">le COMPTOIR DU PORCHE &#8211; 1 rue du Ch\u00e2teau &#8211; 61130 BELLEME \/ <a href=\"http:\/\/lecomptoirduporche.blogspot.com\/\">Site<\/a><\/h3>\n<h3 align=\"LEFT\">COQUETTE ET Cie &#8211; 11 rue Georges Cl\u00e9menceau &#8211; 41200 ROMORANTIN-LANTHENAY<\/h3>\n<p>les CREATEURS &#8211; Passage Couvert Balthus &#8211; 71400 AUTUN \/ <a href=\"https:\/\/www.facebook.com\/LESCREATEURS\/\">Facebook<\/a> \/ <a href=\"https:\/\/www.instagram.com\/lescreateursautun\/?hl=fr\">Instagram<\/a> \/ <a href=\"https:\/\/boutiquelescreateurs.com\/\">Site<\/a><\/p>\n<h3 align=\"LEFT\">CRIOLLO &#8211; 8 rue Joseph Serlin &#8211; 69001 LYON&nbsp; \/&nbsp; <a href=\"https:\/\/www.facebook.com\/Criollo-377035002631368\/\">Facebook<\/a><\/h3>\n<p>l&rsquo;ECHAPEE BELLE &#8211; 5 Place de Mackau &#8211; 61120 VIMOUTIERS \/ <a href=\"https:\/\/www.facebook.com\/lechappeebellevimoutiers\/\">Facebook<\/a><\/p>\n<p>ELIXIR &#8211; 8 rue de la Roche &#8211; 89520 ST SAUVEUR EN PUISAYE<\/p>\n<p>EXPLOSIF &#8211; 4 Rue Childebert &#8211; 69002 LYON<\/p>\n<h3 align=\"LEFT\">EN TRANSPARENCE&#8230; &#8211; 14 rue du G\u00e9n\u00e9ral de Gaulle &#8211; 95880 ENGHIEN LES BAINS \/ <a href=\"https:\/\/www.google.fr\/search?q=EN+TRANSPARENCE...+-+14+rue+du+G%C3%A9n%C3%A9ral+de+Gaulle+-+95880+ENGHIEN+LES+BAINS&amp;oq=EN+TRANSPARENCE...+-+14+rue+du+G%C3%A9n%C3%A9ral+de+Gaulle+-+95880+ENGHIEN+LES+BAINS&amp;aqs=chrome..69i57&amp;sourceid=chrome&amp;ie=UTF-8\">Facebook<\/a><\/h3>\n<p>ENTRE MADELEINE ET PHILIBERT &#8211; 62 rue du Dr Privey &#8211; 71700 TOURNUS \/ <a href=\"https:\/\/www.madeleine-philibert.fr\/\">Site<\/a> \/ <a href=\"https:\/\/www.facebook.com\/entremadeleineetphilibert\/\">Facebook<\/a><\/p>\n<h3>FAV GALLERY &#8211; 10 rue au Bl\u00e9 &#8211; 50100 CHERBOURG \/&nbsp;<a href=\"https:\/\/www.fav-gallery.fr\/\">https:\/\/www.fav-gallery.fr\/<\/a> \/ <a href=\"https:\/\/fr-fr.facebook.com\/bijouteriefavgallery\/\">facebook<\/a><\/h3>\n<h3 align=\"LEFT\">les FRANGINES &#8211; 40 Avenue de la R\u00e9publique &#8211; 39300 CHAMPAGNOL &#8211; <a href=\"https:\/\/www.facebook.com\/LesFranginesChampagnole\">Facebook<\/a><\/h3>\n<h3 align=\"LEFT\">GALERIE D&rsquo;ART &#8211; 2 Place Gambetta &#8211; 83230 BORMES LES MIMOSAS<\/h3>\n<p>GRAINE DE FILLES &#8211; 34 rue du Commerce &#8211; 39000 LONS LE SAULNIER \/&nbsp;<a href=\"https:\/\/www.grainedefilles-lons.fr\/\">https:\/\/www.grainedefilles-lons.fr\/<\/a><\/p>\n<h3>HIPPIE CHIC &#8211; 13 rue Vauban &#8211; 56100 LORIENT \/ <a href=\"https:\/\/fr-fr.facebook.com\/pages\/Hippie-chic\/354399702458\">Facebook<\/a> \/ <a href=\"https:\/\/hippiechic-boutique.com\/\">https:\/\/hippiechic-boutique.com\/<\/a><a href=\"https:\/\/www.facebook.com\/lulu.deborah.chateauroux36\/posts\">&nbsp;<\/a><\/h3>\n<p>HORSERIE &#8211; 25 rue Brezin &#8211; 75014 PARIS \/ <a href=\"https:\/\/www.horserie-paris.com\/\">https:\/\/www.horserie-paris.com\/<\/a> \/ <a href=\"https:\/\/fr-fr.facebook.com\/horserieparis\/\">Facebook<\/a><\/p>\n<h3 align=\"LEFT\">INDIGO &#8211; 13 rue Chanteloup &#8211; 42190 CHARLIEU \/&nbsp;<a href=\"https:\/\/indigocharlieu.fr\/\">https:\/\/indigocharlieu.fr\/<\/a> \/ <a href=\"https:\/\/www.facebook.com\/Indigo-charlieu-353074939098620\/?ref=py_c\">Faceboo<\/a><\/h3>\n<p>KADY Boutique &#8211; 116 Avenue des Jeux &#8211; 38750 L&rsquo;ALPES D&rsquo;HUEZ \/ <a href=\"https:\/\/www.facebook.com\/KADY-Boutique-1502675323329658\/\">Facebook <\/a><\/p>\n<p>KOKA&rsquo;IN &#8211; 8 rue de Pierrefonds &#8211; 60200 COMPIEGNE \/ <a href=\"https:\/\/fr-fr.facebook.com\/BoutiqueKokain\">Facebook<\/a><\/p>\n<p>LIGNE 19 &#8211; 10 Avenue Raymond de Vessi\u00e8re &#8211; 69130 ECULLY<\/p>\n<p>MAISON ET BIJOUX &#8211; 4 Place de l&rsquo;H\u00f4tel de Ville &#8211; 74140 DOUVAINE \/ <a href=\"https:\/\/maison-et-bijoux.com\/\">https:\/\/maison-et-bijoux.com\/<\/a><\/p>\n<p>la MAISON DE PRUNELLE &#8211; 2 rue Neuve &#8211; 89300 JOIGNY \/ <a href=\"https:\/\/www.facebook.com\/lamaisondeprunelle\/\">Facebook<\/a><\/p>\n<p>MARCO POLO &#8211; 4 rue Ernest Renan &#8211; 22220 TREGUIERS<\/p>\n<p>MARCO POLO &#8211; 2 Rue Joffre, 22520 BINIC-ETABLES-SUR-MER<\/p>\n<h3 align=\"LEFT\">MARIE -PIPELETTE &#8211; 62 Rue G\u00e9n\u00e9ral de Gaulle, 69530 BRIGNAIS \/ <a href=\"https:\/\/www.facebook.com\/pages\/category\/Home-Goods-Store\/Marie-Pipelette-161366044028760\/\">Facebook<\/a> \/ <a href=\"https:\/\/www.marie-pipelette.com\/\">Site<\/a><\/h3>\n<h3 align=\"LEFT\">NACRE ET TURQUOISE &#8211; 13 rue St Gervais &#8211; 14700 FALAISE \/<a href=\"https:\/\/www.facebook.com\/Nacre-et-Turquoise-302356263252352\/\"> Facebook<\/a><\/h3>\n<h3>NIN CONCEPT &#8211; 4 Grande Rue &#8211; 71100 CHALON SUR SAONE \/&nbsp;<a href=\"https:\/\/nin-concept.fr\/\">https:\/\/nin-concept.fr\/<\/a> \/ <a href=\"https:\/\/m.facebook.com\/ninconcept\/?locale2=fr_FR\">Facebook<\/a><\/h3>\n<h3 align=\"LEFT\">OPALE &#8211; 15 rue Jean-Jacques Rousseau &#8211; 38000 GRENOBLE \/<a href=\"https:\/\/m.facebook.com\/pages\/category\/Jewelry---Watches-Store\/Opale-886635051447367\/?locale2=fr_FR\"> Facebook&nbsp;<\/a><\/h3>\n<h3 align=\"LEFT\">OZMOSE &#8211; Galerie Marchande Intermarch\u00e9 &#8211; 64400 OLORON STE MARIE \/ <a href=\"https:\/\/www.facebook.com\/ozmose.oloron?fref=ts\/\">Facebook<\/a><\/h3>\n<p>PAOLA &#8211; 7 ruee la Gare &#8211; 25300 PONTARLIER \/ <a href=\"https:\/\/fr-fr.facebook.com\/paolapontarlier\/\">Facebook<\/a><\/p>\n<h3 align=\"LEFT\">la PETITE BOUTIQUE &#8211; 42 rue H.Husson &#8211; 78320 LES MESNIL ST DENIS \/&nbsp;<a href=\"https:\/\/www.ptite-boutique.fr\/\">https:\/\/www.ptite-boutique.fr\/<\/a> \/<a href=\"https:\/\/www.facebook.com\/surunairdecreations\/\">Facebook<\/a><\/h3>\n<h3 align=\"LEFT\">les PETITES GALERIES &#8211; 217 Place de la Lib\u00e9ration &#8211; 69620 LE BOIS D&rsquo;OINGT \/ <a href=\"https:\/\/fr-fr.facebook.com\/lespetitesgaleriesboisdoingt\">Facebook&nbsp;<\/a><\/h3>\n<p>la REVEUSE &#8211; 23&nbsp; rue Cl\u00e9menceau &#8211; 59140 DUNKERQUE \/ <a href=\"https:\/\/lareveuse.fr\/\">site<\/a> \/ Facebook \/ <a href=\"https:\/\/www.instagram.com\/la_reveuse_stephanie\/?hl=fr\">Instagram<\/a><\/p>\n<h3 align=\"LEFT\">SCHIOUPLET &#8211; 13 rue d&rsquo;en Haut &#8211; 73500 AUSSOIS \/ <a href=\"https:\/\/www.facebook.com\/schiouplet2aussois\/\">Facebook<\/a><\/h3>\n<h3>SYLVIE B. &#8211; 15 Fr\u00e9d\u00e9ric Mireur &#8211; 83300 DRAGUIGNAN \/ <a href=\"https:\/\/www.facebook.com\/SylvieB.Artisanat\/photos\/\">Facebook<\/a><\/h3>\n<p>TENDANCE ART CREATIONS &#8211; 36 Place de la R\u00e9publique &#8211; 59830CYSOING \/ <a href=\"https:\/\/www.tendanceartcreations.com\/\">Site<\/a> \/<a href=\"https:\/\/fr-fr.facebook.com\/tendanceartcreations\/\">Facebook<\/a><\/p>\n<h3 align=\"LEFT\">TRESORS DE LOU &#8211; 19 rue Aubert &#8211; 88000 EPINAL \/ <a href=\"https:\/\/www.facebook.com\/people\/Bijouterie-Les-tr%C3%A9sors-de-Lou\/100063481932941\/\">Facebook<\/a>&nbsp;<\/h3>\n<h3 align=\"LEFT\">VIKTOIRE KREATION &#8211; 10 Place de la R\u00e9publique &#8211; 07100 ANNONAY \/ <a href=\"https:\/\/www.facebook.com\/profile.php?id=100004391627570&amp;__tn__=K-R&amp;eid=ARA01-IaQlXCyCUI5D5qhx9o0NZkKsLWlt7kgchuaBjV5QiAnuHhZ6QW-Q_4ZiLcgSjxqWeTmcDwGkYh&amp;fref=mentions&amp;__xts__[0]=68.ARC51auTgjNWYZH7ggED_15ZW8-a0E_37oK9HvDmI1ZK3A9PzQZVgS-xPTtPQAloVjQ0iwgjG_G2XzVbF2pxDZwxuWv_TQDkohPYV-khe98n_TGCKnSwSqr9pfDYu-LhUNLUUCyO1o9ZjpnOB8mnGRdrYM4_81MTFRw449lt9TRVF6jXLuZfYgVrP4IQys9XDWnJ7f5Gt_P2QvsWm6LAWL4DcKEcvn3SlT-9jheNUoShME_ufVQJr3YLXN06Rqdqf23KbQfgp5J3ZmOb2vjqfbldfS7Q4t4x_v4wUdr956DyyyThGMlnrhwVj3B0yw5hBn1MqW8VGG--n72x5tP3ORZrIw\">facebook<\/a><\/h3>\n<h3 align=\"LEFT\"><strong>&nbsp;<em><span style=\"color: #993366;\">F<\/span><span style=\"color: #993366;\">RANCE<\/span><\/em> <em><span style=\"color: #993366;\">dom-tom<\/span><\/em><\/strong><\/h3>\n<h3 align=\"LEFT\">CASE NATURE &#8211; 71 route du Th\u00e9atre &#8211; L&rsquo;Eperon &#8211; 97435 ST GILLES LES HAUTS &#8211; LA REUNION \/&nbsp;<a href=\"http:\/\/www.facebook.com\/naturelleetbio\/\">Facebook<\/a><\/h3>\n<h3 align=\"LEFT\"><em><span style=\"color: #993366;\"><strong>AUTRICHE<\/strong><\/span><\/em><\/h3>\n<h3 align=\"LEFT\">SCHONE DINGE &#8211; Maiffreydygasse 14 &#8211; 8010 GRAZ&nbsp;<\/h3>\n<h3 align=\"LEFT\"><em><span style=\"color: #993366;\"><strong>BELGIQUE<\/strong><\/span><\/em><\/h3>\n<h3 align=\"LEFT\">la CRECELLE &#8211; 41 rue Sax &#8211; 5500 DINANT &#8211; BELGIQUE \/ <a href=\"https:\/\/www.lacrecelle.com\/\">Site<\/a> \/ <a href=\"https:\/\/fr-fr.facebook.com\/lacrecelledinant\/\">Facebook<\/a> \/&nbsp;<a href=\"https:\/\/www.instagram.com\/lacrecelle\/?hl=fr\">Instagram<\/a><\/h3>\n<h3 align=\"LEFT\">KLONS &#8211; Rue du Vieux March\u00e9, 10 &#8211; 6690 VIELSALM &#8211; BELGIQUE \/ <a href=\"http:\/\/www.klons.be\/\">Site<\/a> \/ <a href=\"https:\/\/www.facebook.com\/klons.vielsalm\/\">Facebook<\/a><\/h3>\n<h3 align=\"LEFT\"><em><span style=\"color: #993366;\"><strong>RUSSIE<\/strong><\/span><\/em><\/h3>\n<h3 align=\"LEFT\">VOLEX &#8211; Blagoveshchenskaya, 4 &#8211; VOLOGDA &#8211; RUSSIE<\/h3>\n<h3 align=\"LEFT\"><em><span style=\"color: #993366;\"><strong>ROYAUME-UNI&nbsp;<\/strong><\/span><\/em><\/h3>\n<h3 align=\"LEFT\">WOODLANE &#8211; The Cross &#8211; DOUNE FK16 6BE &#8211; ECOSSE &#8211; ROYAUME UNI<\/h3>\n<h3 align=\"LEFT\"><span style=\"color: #993366;\"><em><strong>USA<\/strong><\/em><\/span><\/h3>\n<h3 align=\"LEFT\">DIVA &#8211; 8787 North scottsdale Road &#8211; Suite 224 &#8211; SCOTTSDALE ARIZONA 85253<\/h3>\n\n\n<p><\/p>\n","protected":false},"excerpt":{"rendered":"<p>La carte des points de vente Cliquez sur la carte FRANCE m\u00e9tropolitaine 1001 FEMMES &#8211; 10 rue Grande &#8211; 77300 FONTAINEBLEAU \/ Site \/ Facebook 13EME JOUR &#8211; 1 Place des Fines Herbes &#8211; 67210 OBERNAI \/ https:\/\/shop.13jour.com\/\/ facebook\/Instagram A L&rsquo;OMBRE DU TILLEUL &#8211; 10 Place du Prieur\u00e9 &#8211; 43200 YSSINGEAUX \/ Instagram AU BONHEUR &#8230; <a title=\"Point de ventes\" class=\"read-more\" href=\"https:\/\/www.christinealloing.fr\/index.php\/point-de-ventes\/\">Lire la suite<span class=\"screen-reader-text\">Point de ventes<\/span><\/a><\/p>\n","protected":false},"author":2,"featured_media":0,"parent":0,"menu_order":4,"comment_status":"closed","ping_status":"open","template":"","meta":{"ngg_post_thumbnail":0},"_links":{"self":[{"href":"https:\/\/www.christinealloing.fr\/index.php\/wp-json\/wp\/v2\/pages\/13"}],"collection":[{"href":"https:\/\/www.christinealloing.fr\/index.php\/wp-json\/wp\/v2\/pages"}],"about":[{"href":"https:\/\/www.christinealloing.fr\/index.php\/wp-json\/wp\/v2\/types\/page"}],"author":[{"embeddable":true,"href":"https:\/\/www.christinealloing.fr\/index.php\/wp-json\/wp\/v2\/users\/2"}],"replies":[{"embeddable":true,"href":"https:\/\/www.christinealloing.fr\/index.php\/wp-json\/wp\/v2\/comments?post=13"}],"version-history":[{"count":106,"href":"https:\/\/www.christinealloing.fr\/index.php\/wp-json\/wp\/v2\/pages\/13\/revisions"}],"predecessor-version":[{"id":2363,"href":"https:\/\/www.christinealloing.fr\/index.php\/wp-json\/wp\/v2\/pages\/13\/revisions\/2363"}],"wp:attachment":[{"href":"https:\/\/www.christinealloing.fr\/index.php\/wp-json\/wp\/v2\/media?parent=13"}],"curies":[{"name":"wp","href":"https:\/\/api.w.org\/{rel}","templated":true}]}}