{"id":9,"date":"2015-07-09T14:18:53","date_gmt":"2015-07-09T13:18:53","guid":{"rendered":"http:\/\/www.christinealloing.fr\/bijoux\/?page_id=9"},"modified":"2017-11-01T16:14:04","modified_gmt":"2017-11-01T15:14:04","slug":"portrait","status":"publish","type":"page","link":"http:\/\/www.christinealloing.fr\/index.php\/portrait\/","title":{"rendered":"Portrait"},"content":{"rendered":"<p><strong>La cr\u00e9atrice <\/strong><\/p>\n<p><img decoding=\"async\" loading=\"lazy\" class=\"alignright wp-image-284 size-full\" src=\"http:\/\/www.christinealloing.fr\/wp-content\/uploads\/2015\/07\/portrait.jpg\" alt=\"portrait\" width=\"200\" height=\"188\">Durant plus de 20 ans, j&rsquo;ai exerc\u00e9 une profession param\u00e9dicale. Les hasards de la vie m&rsquo;ont fait rencontrer la terre, au cours d&rsquo;ateliers de modelage et sculpture; et depuis, ce mat\u00e9riaux naturel et noble, \u00e0 la fois doux et puissant me passionne &#8230; son potentiel est infini.<br \/>\nPetit \u00e0 petit, je me suis initi\u00e9e en autodidacte \u00e0 l&rsquo;\u00e9maillage, pour cr\u00e9er quelques bijoux &#8230; Une nouvelle aventure commence alors, et en 2010, apr\u00e8s avoir men\u00e9 de front ces 2 activit\u00e9s pendant plusieurs ann\u00e9es, je d\u00e9cide de quitter mon emploi \u00e0 l&rsquo;h\u00f4pital.<\/p>\n<h3><strong>Mes envies<\/strong><\/h3>\n<p>Au del\u00e0 du contact fondamental avec la terre, j&rsquo;aime explorer des compositions g\u00e9om\u00e9triques et des lignes \u00e9pur\u00e9es.<br \/>\nLes surprises de l&rsquo;\u00e9maillage et une tr\u00e8s large palette de teintes me permettent de jouer sans fin avec les belles couleurs des \u00e9maux.<\/p>\n","protected":false},"excerpt":{"rendered":"<p>La cr\u00e9atrice Durant plus de 20 ans, j&rsquo;ai exerc\u00e9 une profession param\u00e9dicale. Les hasards de la vie m&rsquo;ont fait rencontrer la terre, au cours d&rsquo;ateliers de modelage et sculpture; et depuis, ce mat\u00e9riaux naturel et noble, \u00e0 la fois doux et puissant me passionne &#8230; son potentiel est infini. Petit \u00e0 petit, je me suis &#8230; <a title=\"Portrait\" class=\"read-more\" href=\"http:\/\/www.christinealloing.fr\/index.php\/portrait\/\">Lire la suite<span class=\"screen-reader-text\">Portrait<\/span><\/a><\/p>\n","protected":false},"author":2,"featured_media":0,"parent":0,"menu_order":1,"comment_status":"closed","ping_status":"open","template":"","meta":{"ngg_post_thumbnail":0},"_links":{"self":[{"href":"http:\/\/www.christinealloing.fr\/index.php\/wp-json\/wp\/v2\/pages\/9"}],"collection":[{"href":"http:\/\/www.christinealloing.fr\/index.php\/wp-json\/wp\/v2\/pages"}],"about":[{"href":"http:\/\/www.christinealloing.fr\/index.php\/wp-json\/wp\/v2\/types\/page"}],"author":[{"embeddable":true,"href":"http:\/\/www.christinealloing.fr\/index.php\/wp-json\/wp\/v2\/users\/2"}],"replies":[{"embeddable":true,"href":"http:\/\/www.christinealloing.fr\/index.php\/wp-json\/wp\/v2\/comments?post=9"}],"version-history":[{"count":32,"href":"http:\/\/www.christinealloing.fr\/index.php\/wp-json\/wp\/v2\/pages\/9\/revisions"}],"predecessor-version":[{"id":1677,"href":"http:\/\/www.christinealloing.fr\/index.php\/wp-json\/wp\/v2\/pages\/9\/revisions\/1677"}],"wp:attachment":[{"href":"http:\/\/www.christinealloing.fr\/index.php\/wp-json\/wp\/v2\/media?parent=9"}],"curies":[{"name":"wp","href":"https:\/\/api.w.org\/{rel}","templated":true}]}}